{"id":37,"date":"2026-04-10T13:58:45","date_gmt":"2026-04-10T13:58:45","guid":{"rendered":"http:\/\/jrasesoriayservicios.com\/defo\/llc\/?page_id=37"},"modified":"2026-04-11T04:28:12","modified_gmt":"2026-04-11T04:28:12","slug":"inicio","status":"publish","type":"page","link":"https:\/\/defoindustriesllc.com\/","title":{"rendered":"Inicio"},"content":{"rendered":"\n<p><strong>DEFO INDUSTRIES TRAIDING<\/strong> es una empresa dedicada a la comercializaci\u00f3n de commodities, especialmente hidrocarburos. Contamos con un equipo especializado con una trayectoria consolidada de m\u00e1s de 15 a\u00f1os en la industria de hidrocarburos e implementaci\u00f3n de estaciones de servicio.<\/p>\n\n\n\n<p><strong>DEFO INDUSTRIES TRAIDING<\/strong> se destaca como un mercado preferido y confiable para una creciente comunidad de comerciantes de petr\u00f3leo y gas, y las razones para ello son realmente convincentes.&nbsp;En los mercados petroleros mundiales de hoy en d\u00eda, en constante evoluci\u00f3n, la toma de decisiones efectiva depende de informaci\u00f3n oportuna y precisa.&nbsp;El Comercio Global de Petr\u00f3leo y Gas sirve como su fuerza gu\u00eda en este panorama din\u00e1mico, examinando meticulosamente cada faceta del mercado petrolero global, desde la demanda y los inventarios hasta la refinaci\u00f3n, la infraestructura y los flujos comerciales.<\/p>\n","protected":false},"excerpt":{"rendered":"<p>DEFO INDUSTRIES TRAIDING es una empresa dedicada a la comercializaci\u00f3n de commodities, especialmente hidrocarburos. Contamos con un equipo especializado con una trayectoria consolidada de m\u00e1s de 15 a\u00f1os en la industria de hidrocarburos e implementaci\u00f3n de estaciones de servicio. DEFO INDUSTRIES TRAIDING se destaca como un mercado preferido y confiable para una creciente comunidad de [&hellip;]<\/p>\n","protected":false},"author":1,"featured_media":62,"parent":0,"menu_order":0,"comment_status":"closed","ping_status":"closed","template":"","meta":{"footnotes":""},"class_list":["post-37","page","type-page","status-publish","has-post-thumbnail","hentry"],"_links":{"self":[{"href":"https:\/\/defoindustriesllc.com\/index.php\/wp-json\/wp\/v2\/pages\/37","targetHints":{"allow":["GET"]}}],"collection":[{"href":"https:\/\/defoindustriesllc.com\/index.php\/wp-json\/wp\/v2\/pages"}],"about":[{"href":"https:\/\/defoindustriesllc.com\/index.php\/wp-json\/wp\/v2\/types\/page"}],"author":[{"embeddable":true,"href":"https:\/\/defoindustriesllc.com\/index.php\/wp-json\/wp\/v2\/users\/1"}],"replies":[{"embeddable":true,"href":"https:\/\/defoindustriesllc.com\/index.php\/wp-json\/wp\/v2\/comments?post=37"}],"version-history":[{"count":1,"href":"https:\/\/defoindustriesllc.com\/index.php\/wp-json\/wp\/v2\/pages\/37\/revisions"}],"predecessor-version":[{"id":38,"href":"https:\/\/defoindustriesllc.com\/index.php\/wp-json\/wp\/v2\/pages\/37\/revisions\/38"}],"wp:featuredmedia":[{"embeddable":true,"href":"https:\/\/defoindustriesllc.com\/index.php\/wp-json\/wp\/v2\/media\/62"}],"wp:attachment":[{"href":"https:\/\/defoindustriesllc.com\/index.php\/wp-json\/wp\/v2\/media?parent=37"}],"curies":[{"name":"wp","href":"https:\/\/api.w.org\/{rel}","templated":true}]}}