{"id":27,"date":"2026-04-10T13:57:35","date_gmt":"2026-04-10T13:57:35","guid":{"rendered":"http:\/\/jrasesoriayservicios.com\/defo\/llc\/?page_id=27"},"modified":"2026-04-11T04:27:01","modified_gmt":"2026-04-11T04:27:01","slug":"entregas","status":"publish","type":"page","link":"https:\/\/defoindustriesllc.com\/index.php\/entregas\/","title":{"rendered":"Entregas"},"content":{"rendered":"\n<p class=\"has-text-align-left\"><strong>PUERTOS<\/strong><\/p>\n\n\n\n<p>Principales puertos de entrega:<\/p>\n\n\n\n<ol class=\"wp-block-list\">\n<li>HOUSTON, TEXAS<\/li>\n\n\n\n<li>ROTTERDAM, PAISES BAJOS<\/li>\n\n\n\n<li>Fujairah, EMIRATOS ARABES UNIDOS<\/li>\n<\/ol>\n\n\n\n<p><strong>PRODUCTOS MAS SOLICITADOS POR NUESTROS CLIENTES:<\/strong><\/p>\n\n\n\n<ul class=\"wp-block-list\">\n<li>D6 OIL FUEL<\/li>\n\n\n\n<li>EN-590<\/li>\n\n\n\n<li>JET-A1<\/li>\n<\/ul>\n\n\n\n<p>Venta de di\u00e9sel EN590 de 10 ppm, combustible de aviaci\u00f3n Jet A1 y fueloil D6. Disponemos de asignaciones de cadenas de suministro verificadas. Carga a trav\u00e9s de los principales puertos, incluidos Houston, Rotterdam y Fujairah. Se prefieren los procedimientos FOB y de dep\u00f3sito a la vista (Dip and Pay). Precios seg\u00fan Platts, negociables en funci\u00f3n del volumen y el procedimiento. Se aceptan compradores directos, mandatarios y revendedores cualificados. La documentaci\u00f3n se proporciona tras la aprobaci\u00f3n y verificaci\u00f3n.<\/p>\n\n\n\n<p>Trabajamos solo con compradores serios y calificados o mandatos directos.<br>Si est\u00e1 interesado, env\u00ede su ICPO con todos los detalles y el precio objetivo.<br>Env\u00edenos un mensaje directo o un correo electr\u00f3nico para comenzar.<\/p>\n\n\n\n<p><img loading=\"lazy\" decoding=\"async\" width=\"800\" height=\"584\" class=\"wp-image-55\" style=\"width: 800px;\" src=\"https:\/\/defoindustriesllc.com\/wp-content\/uploads\/2026\/04\/puertotx.png\" alt=\"\" srcset=\"https:\/\/defoindustriesllc.com\/wp-content\/uploads\/2026\/04\/puertotx.png 982w, https:\/\/defoindustriesllc.com\/wp-content\/uploads\/2026\/04\/puertotx-300x219.png 300w, https:\/\/defoindustriesllc.com\/wp-content\/uploads\/2026\/04\/puertotx-768x561.png 768w\" sizes=\"auto, (max-width: 800px) 100vw, 800px\" \/><\/p>\n","protected":false},"excerpt":{"rendered":"<p>PUERTOS Principales puertos de entrega: PRODUCTOS MAS SOLICITADOS POR NUESTROS CLIENTES: Venta de di\u00e9sel EN590 de 10 ppm, combustible de aviaci\u00f3n Jet A1 y fueloil D6. Disponemos de asignaciones de cadenas de suministro verificadas. Carga a trav\u00e9s de los principales puertos, incluidos Houston, Rotterdam y Fujairah. Se prefieren los procedimientos FOB y de dep\u00f3sito a [&hellip;]<\/p>\n","protected":false},"author":1,"featured_media":61,"parent":0,"menu_order":0,"comment_status":"closed","ping_status":"closed","template":"","meta":{"footnotes":""},"class_list":["post-27","page","type-page","status-publish","has-post-thumbnail","hentry"],"_links":{"self":[{"href":"https:\/\/defoindustriesllc.com\/index.php\/wp-json\/wp\/v2\/pages\/27","targetHints":{"allow":["GET"]}}],"collection":[{"href":"https:\/\/defoindustriesllc.com\/index.php\/wp-json\/wp\/v2\/pages"}],"about":[{"href":"https:\/\/defoindustriesllc.com\/index.php\/wp-json\/wp\/v2\/types\/page"}],"author":[{"embeddable":true,"href":"https:\/\/defoindustriesllc.com\/index.php\/wp-json\/wp\/v2\/users\/1"}],"replies":[{"embeddable":true,"href":"https:\/\/defoindustriesllc.com\/index.php\/wp-json\/wp\/v2\/comments?post=27"}],"version-history":[{"count":4,"href":"https:\/\/defoindustriesllc.com\/index.php\/wp-json\/wp\/v2\/pages\/27\/revisions"}],"predecessor-version":[{"id":58,"href":"https:\/\/defoindustriesllc.com\/index.php\/wp-json\/wp\/v2\/pages\/27\/revisions\/58"}],"wp:featuredmedia":[{"embeddable":true,"href":"https:\/\/defoindustriesllc.com\/index.php\/wp-json\/wp\/v2\/media\/61"}],"wp:attachment":[{"href":"https:\/\/defoindustriesllc.com\/index.php\/wp-json\/wp\/v2\/media?parent=27"}],"curies":[{"name":"wp","href":"https:\/\/api.w.org\/{rel}","templated":true}]}}