{"id":24,"date":"2026-04-10T13:57:35","date_gmt":"2026-04-10T13:57:35","guid":{"rendered":"http:\/\/jrasesoriayservicios.com\/defo\/llc\/?page_id=24"},"modified":"2026-04-11T04:25:42","modified_gmt":"2026-04-11T04:25:42","slug":"nosotros","status":"publish","type":"page","link":"https:\/\/defoindustriesllc.com\/index.php\/nosotros\/","title":{"rendered":"Nosotros"},"content":{"rendered":"\n<p><strong>\u00bfPor qu\u00e9 nos eligen nuestros clientes?<\/strong><\/p>\n\n\n\n<ul class=\"wp-block-list\">\n<li><strong>Operaciones r\u00e1pidas: <\/strong>Acceso autorizado a puertos y productos mediante el permiso comercial TWINK.<\/li>\n\n\n\n<li><strong>Transacciones seguras: <\/strong>Servicio de cobro y estructuraci\u00f3n financiera para operaciones internacionales.<\/li>\n\n\n\n<li><strong>Comercio global: <\/strong>Hidrocarburos y otros comodities<\/li>\n<\/ul>\n\n\n\n<p><strong>NUESTRA MISION<\/strong><\/p>\n\n\n\n<p>Ofrecemos servicios seguros de comercio internacional de hidrocarburos y otros comodities, con operaciones financieras fiables y r\u00e1pidas.<\/p>\n\n\n\n<p><strong>NUESTRA VISION<\/strong><\/p>\n\n\n\n<p>Convertirnos en una empresa global de comercio de comodities, log\u00edstica y estructuraci\u00f3n financiera para mercados internacionales.<\/p>\n\n\n\n<p><strong>VALORES<\/strong><\/p>\n\n\n\n<p>Seguridad, transparencia, rapidez y cumplimiento normativo internacional en todas las operaciones comerciales.<\/p>\n","protected":false},"excerpt":{"rendered":"<p>\u00bfPor qu\u00e9 nos eligen nuestros clientes? NUESTRA MISION Ofrecemos servicios seguros de comercio internacional de hidrocarburos y otros comodities, con operaciones financieras fiables y r\u00e1pidas. NUESTRA VISION Convertirnos en una empresa global de comercio de comodities, log\u00edstica y estructuraci\u00f3n financiera para mercados internacionales. VALORES Seguridad, transparencia, rapidez y cumplimiento normativo internacional en todas las operaciones [&hellip;]<\/p>\n","protected":false},"author":1,"featured_media":59,"parent":0,"menu_order":0,"comment_status":"closed","ping_status":"closed","template":"","meta":{"footnotes":""},"class_list":["post-24","page","type-page","status-publish","has-post-thumbnail","hentry"],"_links":{"self":[{"href":"https:\/\/defoindustriesllc.com\/index.php\/wp-json\/wp\/v2\/pages\/24","targetHints":{"allow":["GET"]}}],"collection":[{"href":"https:\/\/defoindustriesllc.com\/index.php\/wp-json\/wp\/v2\/pages"}],"about":[{"href":"https:\/\/defoindustriesllc.com\/index.php\/wp-json\/wp\/v2\/types\/page"}],"author":[{"embeddable":true,"href":"https:\/\/defoindustriesllc.com\/index.php\/wp-json\/wp\/v2\/users\/1"}],"replies":[{"embeddable":true,"href":"https:\/\/defoindustriesllc.com\/index.php\/wp-json\/wp\/v2\/comments?post=24"}],"version-history":[{"count":2,"href":"https:\/\/defoindustriesllc.com\/index.php\/wp-json\/wp\/v2\/pages\/24\/revisions"}],"predecessor-version":[{"id":41,"href":"https:\/\/defoindustriesllc.com\/index.php\/wp-json\/wp\/v2\/pages\/24\/revisions\/41"}],"wp:featuredmedia":[{"embeddable":true,"href":"https:\/\/defoindustriesllc.com\/index.php\/wp-json\/wp\/v2\/media\/59"}],"wp:attachment":[{"href":"https:\/\/defoindustriesllc.com\/index.php\/wp-json\/wp\/v2\/media?parent=24"}],"curies":[{"name":"wp","href":"https:\/\/api.w.org\/{rel}","templated":true}]}}